{"id":4833,"date":"2025-10-14T10:29:33","date_gmt":"2025-10-14T10:29:33","guid":{"rendered":"https:\/\/fliegendesauge.com\/home\/?page_id=4833"},"modified":"2025-10-14T11:46:24","modified_gmt":"2025-10-14T11:46:24","slug":"aktuelles-drohnenwissen","status":"publish","type":"page","link":"https:\/\/fliegendesauge.com\/home\/aktuelles-drohnenwissen\/","title":{"rendered":"Aktuelles &amp; Drohnenwissen"},"content":{"rendered":"\t\t<div data-elementor-type=\"wp-page\" data-elementor-id=\"4833\" class=\"elementor elementor-4833\">\n\t\t\t\t<div class=\"elementor-element elementor-element-506e0f4 e-flex e-con-boxed e-con e-parent\" data-id=\"506e0f4\" data-element_type=\"container\" data-e-type=\"container\" data-settings=\"{&quot;background_background&quot;:&quot;classic&quot;}\">\n\t\t\t\t\t<div class=\"e-con-inner\">\n\t\t\t\t<div class=\"elementor-element elementor-element-3b6cdc9 tpg-wrapper-align-center meta-visibility-show title_position_default title_hover_border_default title-default img_hover_animation_default meta_position_default readmore-btn-default-style grid-hover-overlay-type-always tpg-el-box-border-enable tpg-border-bottom-disable elementor-widget elementor-widget-tpg-grid-layout\" data-id=\"3b6cdc9\" data-element_type=\"widget\" data-e-type=\"widget\" data-widget_type=\"tpg-grid-layout.default\">\n\t\t\t\t<div class=\"elementor-widget-container\">\n\t\t\t\t\t\t\t<div class=\"rt-container-fluid rt-tpg-container tpg-el-main-wrapper clearfix grid-layout1-main \"\n\t\t\t id=\"rt-tpg-container-3262054304\"\n\t\t\t data-layout=\"grid-layout1\"\n\t\t\t data-grid-style=\"tpg-full-height\"\n\t\t\t data-sc-id=\"elementor\"\n\t\t\t data-el-settings=''\n\t\t\t data-el-query=''\n\t\t\t data-el-path=''\n\t\t>\n\t\t\t\t\t\t<div class='tpg-header-wrapper '>\n\t\t\t\t\t\t\t<\/div>\n\n\t\t\t<div data-title=\"Loading ...\" class=\"rt-row rt-content-loader grid-layout1 grid-behaviour tpg-full-height grid_layout_wrapper\">\n\t\t\t\t<div class=\"rt-col-md-4 rt-col-sm-6 rt-col-xs-12 default rt-grid-item post-4878 post type-post status-publish format-standard hentry category-uncategorized tag-bayern tag-buerokratie tag-drohnen tag-drohnendienstleister tag-drohneninspektion tag-drohnenservice-bayern tag-fliegendesauge tag-haus tag-isolierung tag-schimmel tag-thermografie tag-winter tag-wohnung\"\t\tdata-id=\"4878\">\n\t<div class=\"rt-holder tpg-post-holder \">\n\t\t<div class=\"rt-detail rt-el-content-wrapper\">\n\t\t\t\t\t\t\t<div class=\"rt-img-holder tpg-el-image-wrap has-no-thumbnail\">\n\t\t\t\t\t<a data-id=\"4878\" href=\"https:\/\/fliegendesauge.com\/home\/ep2-wie-eine-thermal-drohne-waermeverluste-und-daemmfehler-sichtbar-macht\/\" class=\"tpg-post-link\" target=\"_self\"><img fetchpriority=\"high\" decoding=\"async\" class=\"rt-img-responsive\" src=\"https:\/\/fliegendesauge.com\/wp-content\/uploads\/2025\/12\/Episode2-thermal.png\" width=\"1024\" height=\"1024\" alt=\"episode2 thermal\" title=\"Warum Drohnen in Bayern kaum genutzt werden \u2013 und warum ein Drohnendienstleister oft die bessere Wahl ist\">\t\t\n\t\t<\/a>\n\t\t        <div class=\"overlay grid-hover-content\"><\/div>\n\t\t\t\t\t\t<\/div>\n\t\t\t\n\t\t\t<div class=\"entry-title-wrapper\"><h3 class=\"entry-title\"><a data-id=\"4878\" href=\"https:\/\/fliegendesauge.com\/home\/ep2-wie-eine-thermal-drohne-waermeverluste-und-daemmfehler-sichtbar-macht\/\" class=\"tpg-post-link\" target=\"_self\">EP2 \u2013 Wie eine Thermal-Drohne W\u00e4rmeverluste und D\u00e4mmfehler sichtbar macht<\/a><\/h3><\/div>\n\t\t\t\t\t\t\t<div class=\"post-meta-tags rt-el-post-meta\">\n\t\t\t\t\t            <span class='date'>\n\t\t\t\t<i class='flaticon-calendar '><\/i>\t\t\t\t                    <a href=\"https:\/\/fliegendesauge.com\/home\/2025\/12\/07\/\">\n\t\t\t\t\t07.12.2025\t\t\t\t<\/a>\n\t\t\t\t\t\t\t<\/span>\n\t\t\t\t\t\t\t<\/div>\n\t\t\t\n\n\t\t\t\t\t\t\t<div class=\"tpg-excerpt tpg-el-excerpt\">\n\t\t\t\t\t\t\t\t\t\t\t<div class=\"tpg-excerpt-inner\">\n\t\t\t\t\t\t\tViele H\u00e4user verlieren unbemerkt deutlich mehr W\u00e4rme, als ihren Besitzern bewusst ist. Kleine Undichtigkeiten, fehlerhafte D\u00e4mmung oder verborgene Feuchtigkeit bleiben f\u00fcr das blo\u00dfe Auge unsichtbar...\t\t\t\t\t\t<\/div>\n\t\t\t\t\t\t\t\t\t\t\t\t\t\t<\/div>\n\t\t\t\n\t\t\t        <div class=\"post-footer\">\n            <div class=\"post-footer\">\n                <div class=\"read-more\">\n\t\t\t\t\t<a data-id=\"4878\" href=\"https:\/\/fliegendesauge.com\/home\/ep2-wie-eine-thermal-drohne-waermeverluste-und-daemmfehler-sichtbar-macht\/\" class=\"tpg-post-link\" target=\"_self\">Artikel<\/a>                <\/div>\n            <\/div>\n        <\/div>\n\t\t\t\t<\/div>\n\t<\/div>\n<\/div>\n<div class=\"rt-col-md-4 rt-col-sm-6 rt-col-xs-12 default rt-grid-item post-4864 post type-post status-publish format-standard hentry category-uncategorized tag-bayern tag-drohnen tag-drohnendienstleister tag-drohneninspektion tag-drohnenservice-bayern tag-fliegendesauge tag-pv-anlagen tag-pvanalagen tag-solaranlagen tag-wartung\"\t\tdata-id=\"4864\">\n\t<div class=\"rt-holder tpg-post-holder \">\n\t\t<div class=\"rt-detail rt-el-content-wrapper\">\n\t\t\t\t\t\t\t<div class=\"rt-img-holder tpg-el-image-wrap has-no-thumbnail\">\n\t\t\t\t\t<a data-id=\"4864\" href=\"https:\/\/fliegendesauge.com\/home\/ep1-wie-eine-thermal-drohne-unsichtbare-schaeden-an-pv-anlagen-sichtbar-macht\/\" class=\"tpg-post-link\" target=\"_self\"><img decoding=\"async\" class=\"rt-img-responsive\" src=\"https:\/\/fliegendesauge.com\/wp-content\/uploads\/2025\/11\/Cover1-683x1024.png\" width=\"683\" height=\"1024\" alt=\"EP1: Wie eine Thermal-Drohne unsichtbare Sch\u00e4den an PV-Anlagen sichtbar macht\" title=\"Warum Drohnen in Bayern kaum genutzt werden \u2013 und warum ein Drohnendienstleister oft die bessere Wahl ist\">\t\t\n\t\t<\/a>\n\t\t        <div class=\"overlay grid-hover-content\"><\/div>\n\t\t\t\t\t\t<\/div>\n\t\t\t\n\t\t\t<div class=\"entry-title-wrapper\"><h3 class=\"entry-title\"><a data-id=\"4864\" href=\"https:\/\/fliegendesauge.com\/home\/ep1-wie-eine-thermal-drohne-unsichtbare-schaeden-an-pv-anlagen-sichtbar-macht\/\" class=\"tpg-post-link\" target=\"_self\">EP1: Wie eine Thermal-Drohne unsichtbare Sch\u00e4den an PV-Anlagen sichtbar macht<\/a><\/h3><\/div>\n\t\t\t\t\t\t\t<div class=\"post-meta-tags rt-el-post-meta\">\n\t\t\t\t\t            <span class='date'>\n\t\t\t\t<i class='flaticon-calendar '><\/i>\t\t\t\t                    <a href=\"https:\/\/fliegendesauge.com\/home\/2025\/11\/30\/\">\n\t\t\t\t\t30.11.2025\t\t\t\t<\/a>\n\t\t\t\t\t\t\t<\/span>\n\t\t\t\t\t\t\t<\/div>\n\t\t\t\n\n\t\t\t\t\t\t\t<div class=\"tpg-excerpt tpg-el-excerpt\">\n\t\t\t\t\t\t\t\t\t\t\t<div class=\"tpg-excerpt-inner\">\n\t\t\t\t\t\t\tWie eine Thermal-Drohne unsichtbare Sch\u00e4den an PV-Anlagen sichtbar macht Photovoltaikanlagen gelten als zuverl\u00e4ssig und langlebig, doch viele Probleme entstehen langsam und bleiben lange verborgen...\t\t\t\t\t\t<\/div>\n\t\t\t\t\t\t\t\t\t\t\t\t\t\t<\/div>\n\t\t\t\n\t\t\t        <div class=\"post-footer\">\n            <div class=\"post-footer\">\n                <div class=\"read-more\">\n\t\t\t\t\t<a data-id=\"4864\" href=\"https:\/\/fliegendesauge.com\/home\/ep1-wie-eine-thermal-drohne-unsichtbare-schaeden-an-pv-anlagen-sichtbar-macht\/\" class=\"tpg-post-link\" target=\"_self\">Artikel<\/a>                <\/div>\n            <\/div>\n        <\/div>\n\t\t\t\t<\/div>\n\t<\/div>\n<\/div>\n<div class=\"rt-col-md-4 rt-col-sm-6 rt-col-xs-12 default rt-grid-item post-4857 post type-post status-publish format-standard hentry category-uncategorized tag-drohneninspektion tag-drohnenkommunikation tag-drohnenservice-bayern tag-fliegendesauge tag-marketingfehler tag-selbstaendig tag-selbststaendigkeit\"\t\tdata-id=\"4857\">\n\t<div class=\"rt-holder tpg-post-holder \">\n\t\t<div class=\"rt-detail rt-el-content-wrapper\">\n\t\t\t\t\t\t\t<div class=\"rt-img-holder tpg-el-image-wrap has-no-thumbnail\">\n\t\t\t\t\t<a data-id=\"4857\" href=\"https:\/\/fliegendesauge.com\/home\/was-ich-ueber-kommunikation-gelernt-habe-und-warum-meine-drohne-nichts-dafuer-kann\/\" class=\"tpg-post-link\" target=\"_self\"><img decoding=\"async\" class=\"rt-img-responsive\" src=\"https:\/\/fliegendesauge.com\/wp-content\/uploads\/2025\/11\/Fail-683x1024.png\" width=\"683\" height=\"1024\" alt=\"Was ich \u00fcber Kommunikation gelernt habe \u2013 und warum meine Drohne nichts daf\u00fcr kann\" title=\"Warum Drohnen in Bayern kaum genutzt werden \u2013 und warum ein Drohnendienstleister oft die bessere Wahl ist\">\t\t\n\t\t<\/a>\n\t\t        <div class=\"overlay grid-hover-content\"><\/div>\n\t\t\t\t\t\t<\/div>\n\t\t\t\n\t\t\t<div class=\"entry-title-wrapper\"><h3 class=\"entry-title\"><a data-id=\"4857\" href=\"https:\/\/fliegendesauge.com\/home\/was-ich-ueber-kommunikation-gelernt-habe-und-warum-meine-drohne-nichts-dafuer-kann\/\" class=\"tpg-post-link\" target=\"_self\">Was ich \u00fcber Kommunikation gelernt habe \u2013 und warum meine Drohne nichts daf\u00fcr kann<\/a><\/h3><\/div>\n\t\t\t\t\t\t\t<div class=\"post-meta-tags rt-el-post-meta\">\n\t\t\t\t\t            <span class='date'>\n\t\t\t\t<i class='flaticon-calendar '><\/i>\t\t\t\t                    <a href=\"https:\/\/fliegendesauge.com\/home\/2025\/11\/08\/\">\n\t\t\t\t\t08.11.2025\t\t\t\t<\/a>\n\t\t\t\t\t\t\t<\/span>\n\t\t\t\t\t\t\t<\/div>\n\t\t\t\n\n\t\t\t\t\t\t\t<div class=\"tpg-excerpt tpg-el-excerpt\">\n\t\t\t\t\t\t\t\t\t\t\t<div class=\"tpg-excerpt-inner\">\n\t\t\t\t\t\t\tHallo, mein Name ist J\u00f6rg Kloning, ich bin 40 Jahre alt und Inhaber von FliegendesAuge \u2013 meinem eigenen Drohnendienstleistungs-Unternehmen.Dieser Artikel ist ein kleines Gest\u00e4ndnis. Vielleicht auch...\t\t\t\t\t\t<\/div>\n\t\t\t\t\t\t\t\t\t\t\t\t\t\t<\/div>\n\t\t\t\n\t\t\t        <div class=\"post-footer\">\n            <div class=\"post-footer\">\n                <div class=\"read-more\">\n\t\t\t\t\t<a data-id=\"4857\" href=\"https:\/\/fliegendesauge.com\/home\/was-ich-ueber-kommunikation-gelernt-habe-und-warum-meine-drohne-nichts-dafuer-kann\/\" class=\"tpg-post-link\" target=\"_self\">Artikel<\/a>                <\/div>\n            <\/div>\n        <\/div>\n\t\t\t\t<\/div>\n\t<\/div>\n<\/div>\n<div class=\"rt-col-md-4 rt-col-sm-6 rt-col-xs-12 default rt-grid-item post-4851 post type-post status-publish format-standard hentry category-uncategorized tag-bayern tag-buerokratie tag-drohnen tag-drohnendienstleister tag-farmblick tag-gesetze tag-spritzmittelverordnung\"\t\tdata-id=\"4851\">\n\t<div class=\"rt-holder tpg-post-holder \">\n\t\t<div class=\"rt-detail rt-el-content-wrapper\">\n\t\t\t\t\t\t\t<div class=\"rt-img-holder tpg-el-image-wrap has-no-thumbnail\">\n\t\t\t\t\t<a data-id=\"4851\" href=\"https:\/\/fliegendesauge.com\/home\/spritzmittelverordnung-2025-mehr-auflagen-aber-auch-neue-chancen-fuer-die-landwirtschaft\/\" class=\"tpg-post-link\" target=\"_self\"><img loading=\"lazy\" decoding=\"async\" class=\"rt-img-responsive\" src=\"https:\/\/fliegendesauge.com\/wp-content\/uploads\/2025\/10\/Agriflieger1.png\" width=\"1024\" height=\"1024\" alt=\"agriflieger1\" title=\"Warum Drohnen in Bayern kaum genutzt werden \u2013 und warum ein Drohnendienstleister oft die bessere Wahl ist\">\t\t\n\t\t<\/a>\n\t\t        <div class=\"overlay grid-hover-content\"><\/div>\n\t\t\t\t\t\t<\/div>\n\t\t\t\n\t\t\t<div class=\"entry-title-wrapper\"><h3 class=\"entry-title\"><a data-id=\"4851\" href=\"https:\/\/fliegendesauge.com\/home\/spritzmittelverordnung-2025-mehr-auflagen-aber-auch-neue-chancen-fuer-die-landwirtschaft\/\" class=\"tpg-post-link\" target=\"_self\">Spritzmittelverordnung 2025 \u2013 Mehr Auflagen, aber auch neue Chancen f\u00fcr die Landwirtschaft<\/a><\/h3><\/div>\n\t\t\t\t\t\t\t<div class=\"post-meta-tags rt-el-post-meta\">\n\t\t\t\t\t            <span class='date'>\n\t\t\t\t<i class='flaticon-calendar '><\/i>\t\t\t\t                    <a href=\"https:\/\/fliegendesauge.com\/home\/2025\/10\/16\/\">\n\t\t\t\t\t16.10.2025\t\t\t\t<\/a>\n\t\t\t\t\t\t\t<\/span>\n\t\t\t\t\t\t\t<\/div>\n\t\t\t\n\n\t\t\t\t\t\t\t<div class=\"tpg-excerpt tpg-el-excerpt\">\n\t\t\t\t\t\t\t\t\t\t\t<div class=\"tpg-excerpt-inner\">\n\t\t\t\t\t\t\tDie neue Spritzmittelverordnung sorgt aktuell in der Landwirtschaft f\u00fcr viel Unsicherheit und Unmut. Zahlreiche Landwirte stehen vor zus\u00e4tzlichen Auflagen, die tief in den betrieblichen Alltag...\t\t\t\t\t\t<\/div>\n\t\t\t\t\t\t\t\t\t\t\t\t\t\t<\/div>\n\t\t\t\n\t\t\t        <div class=\"post-footer\">\n            <div class=\"post-footer\">\n                <div class=\"read-more\">\n\t\t\t\t\t<a data-id=\"4851\" href=\"https:\/\/fliegendesauge.com\/home\/spritzmittelverordnung-2025-mehr-auflagen-aber-auch-neue-chancen-fuer-die-landwirtschaft\/\" class=\"tpg-post-link\" target=\"_self\">Artikel<\/a>                <\/div>\n            <\/div>\n        <\/div>\n\t\t\t\t<\/div>\n\t<\/div>\n<\/div>\n<div class=\"rt-col-md-4 rt-col-sm-6 rt-col-xs-12 default rt-grid-item post-4826 post type-post status-publish format-standard hentry category-allgemeines tag-bayern tag-buerokratie tag-drohnen tag-drohnendienstleister tag-drohnenpilot-buchen tag-gesetze\"\t\tdata-id=\"4826\">\n\t<div class=\"rt-holder tpg-post-holder \">\n\t\t<div class=\"rt-detail rt-el-content-wrapper\">\n\t\t\t\t\t\t\t<div class=\"rt-img-holder tpg-el-image-wrap has-no-thumbnail\">\n\t\t\t\t\t<a data-id=\"4826\" href=\"https:\/\/fliegendesauge.com\/home\/warum-drohnen-in-bayern-kaum-genutzt-werden-und-warum-ein-drohnendienstleister-oft-die-bessere-wahl-ist\/\" class=\"tpg-post-link\" target=\"_self\"><img loading=\"lazy\" decoding=\"async\" class=\"rt-img-responsive\" src=\"https:\/\/fliegendesauge.com\/wp-content\/uploads\/2025\/10\/Pleitegeier.png\" width=\"1024\" height=\"1024\" alt=\"pleitegeier\" title=\"Warum Drohnen in Bayern kaum genutzt werden \u2013 und warum ein Drohnendienstleister oft die bessere Wahl ist\">\t\t\n\t\t<\/a>\n\t\t        <div class=\"overlay grid-hover-content\"><\/div>\n\t\t\t\t\t\t<\/div>\n\t\t\t\n\t\t\t<div class=\"entry-title-wrapper\"><h3 class=\"entry-title\"><a data-id=\"4826\" href=\"https:\/\/fliegendesauge.com\/home\/warum-drohnen-in-bayern-kaum-genutzt-werden-und-warum-ein-drohnendienstleister-oft-die-bessere-wahl-ist\/\" class=\"tpg-post-link\" target=\"_self\">Warum Drohnen in Bayern kaum genutzt werden \u2013 und warum ein Drohnendienstleister oft die bessere Wahl ist<\/a><\/h3><\/div>\n\t\t\t\t\t\t\t<div class=\"post-meta-tags rt-el-post-meta\">\n\t\t\t\t\t            <span class='date'>\n\t\t\t\t<i class='flaticon-calendar '><\/i>\t\t\t\t                    <a href=\"https:\/\/fliegendesauge.com\/home\/2025\/10\/14\/\">\n\t\t\t\t\t14.10.2025\t\t\t\t<\/a>\n\t\t\t\t\t\t\t<\/span>\n\t\t\t\t\t\t\t<\/div>\n\t\t\t\n\n\t\t\t\t\t\t\t<div class=\"tpg-excerpt tpg-el-excerpt\">\n\t\t\t\t\t\t\t\t\t\t\t<div class=\"tpg-excerpt-inner\">\n\t\t\t\t\t\t\tDrohnen sind l\u00e4ngst keine Spielerei mehr. In vielen Branchen \u2013 von Landwirtschaft \u00fcber Bauwesen bis hin zu Energie und Marketing \u2013 geh\u00f6ren sie inzwischen zum modernen Arbeitsalltag. Sie liefern...\t\t\t\t\t\t<\/div>\n\t\t\t\t\t\t\t\t\t\t\t\t\t\t<\/div>\n\t\t\t\n\t\t\t        <div class=\"post-footer\">\n            <div class=\"post-footer\">\n                <div class=\"read-more\">\n\t\t\t\t\t<a data-id=\"4826\" href=\"https:\/\/fliegendesauge.com\/home\/warum-drohnen-in-bayern-kaum-genutzt-werden-und-warum-ein-drohnendienstleister-oft-die-bessere-wahl-ist\/\" class=\"tpg-post-link\" target=\"_self\">Artikel<\/a>                <\/div>\n            <\/div>\n        <\/div>\n\t\t\t\t<\/div>\n\t<\/div>\n<\/div>\n\t\t\t<\/div>\n\t\t\t\n\t\t<\/div>\n\t\t\t\t\t\t<\/div>\n\t\t\t\t<\/div>\n\t\t\t\t\t<\/div>\n\t\t\t\t<\/div>\n\t\t\t\t<\/div>\n\t\t","protected":false},"excerpt":{"rendered":"<p>Warum Drohnen in Bayern kaum genutzt werden \u2013 und warum ein Drohnendienstleister oft die bessere Wahl ist 14.10.2025 Drohnen sind l\u00e4ngst keine Spielerei mehr. In vielen Branchen \u2013 von Landwirtschaft \u00fcber Bauwesen bis hin zu Energie und Marketing \u2013 geh\u00f6ren sie inzwischen zum modernen Arbeitsalltag. Sie liefern&#8230; Artikel<\/p>\n","protected":false},"author":1,"featured_media":0,"parent":0,"menu_order":0,"comment_status":"closed","ping_status":"closed","template":"","meta":{"site-sidebar-layout":"no-sidebar","site-content-layout":"page-builder","ast-site-content-layout":"full-width-container","site-content-style":"default","site-sidebar-style":"default","ast-global-header-display":"","ast-banner-title-visibility":"","ast-main-header-display":"","ast-hfb-above-header-display":"","ast-hfb-below-header-display":"","ast-hfb-mobile-header-display":"","site-post-title":"","ast-breadcrumbs-content":"","ast-featured-img":"disabled","footer-sml-layout":"","ast-disable-related-posts":"","theme-transparent-header-meta":"","adv-header-id-meta":"","stick-header-meta":"","header-above-stick-meta":"","header-main-stick-meta":"","header-below-stick-meta":"","astra-migrate-meta-layouts":"set","ast-page-background-enabled":"default","ast-page-background-meta":{"desktop":{"background-color":"","background-image":"","background-repeat":"repeat","background-position":"center center","background-size":"auto","background-attachment":"scroll","background-type":"","background-media":"","overlay-type":"","overlay-color":"","overlay-opacity":"","overlay-gradient":""},"tablet":{"background-color":"","background-image":"","background-repeat":"repeat","background-position":"center center","background-size":"auto","background-attachment":"scroll","background-type":"","background-media":"","overlay-type":"","overlay-color":"","overlay-opacity":"","overlay-gradient":""},"mobile":{"background-color":"","background-image":"","background-repeat":"repeat","background-position":"center center","background-size":"auto","background-attachment":"scroll","background-type":"","background-media":"","overlay-type":"","overlay-color":"","overlay-opacity":"","overlay-gradient":""}},"ast-content-background-meta":{"desktop":{"background-color":"var(--ast-global-color-5)","background-image":"","background-repeat":"repeat","background-position":"center center","background-size":"auto","background-attachment":"scroll","background-type":"","background-media":"","overlay-type":"","overlay-color":"","overlay-opacity":"","overlay-gradient":""},"tablet":{"background-color":"var(--ast-global-color-5)","background-image":"","background-repeat":"repeat","background-position":"center center","background-size":"auto","background-attachment":"scroll","background-type":"","background-media":"","overlay-type":"","overlay-color":"","overlay-opacity":"","overlay-gradient":""},"mobile":{"background-color":"var(--ast-global-color-5)","background-image":"","background-repeat":"repeat","background-position":"center center","background-size":"auto","background-attachment":"scroll","background-type":"","background-media":"","overlay-type":"","overlay-color":"","overlay-opacity":"","overlay-gradient":""}},"footnotes":""},"class_list":["post-4833","page","type-page","status-publish","hentry"],"rttpg_featured_image_url":null,"rttpg_author":{"display_name":"fliegendesauge@protonmail.com","author_link":"https:\/\/fliegendesauge.com\/home\/author\/fliegendesaugeprotonmail-com\/"},"rttpg_comment":0,"rttpg_category":"","rttpg_excerpt":"Warum Drohnen in Bayern kaum genutzt werden \u2013 und warum ein Drohnendienstleister oft die bessere Wahl ist 14.10.2025 Drohnen sind l\u00e4ngst keine Spielerei mehr. In vielen Branchen \u2013 von Landwirtschaft \u00fcber Bauwesen bis hin zu Energie und Marketing \u2013 geh\u00f6ren sie inzwischen zum modernen Arbeitsalltag. Sie liefern&#8230; Artikel","_links":{"self":[{"href":"https:\/\/fliegendesauge.com\/home\/wp-json\/wp\/v2\/pages\/4833","targetHints":{"allow":["GET"]}}],"collection":[{"href":"https:\/\/fliegendesauge.com\/home\/wp-json\/wp\/v2\/pages"}],"about":[{"href":"https:\/\/fliegendesauge.com\/home\/wp-json\/wp\/v2\/types\/page"}],"author":[{"embeddable":true,"href":"https:\/\/fliegendesauge.com\/home\/wp-json\/wp\/v2\/users\/1"}],"replies":[{"embeddable":true,"href":"https:\/\/fliegendesauge.com\/home\/wp-json\/wp\/v2\/comments?post=4833"}],"version-history":[{"count":7,"href":"https:\/\/fliegendesauge.com\/home\/wp-json\/wp\/v2\/pages\/4833\/revisions"}],"predecessor-version":[{"id":4850,"href":"https:\/\/fliegendesauge.com\/home\/wp-json\/wp\/v2\/pages\/4833\/revisions\/4850"}],"wp:attachment":[{"href":"https:\/\/fliegendesauge.com\/home\/wp-json\/wp\/v2\/media?parent=4833"}],"curies":[{"name":"wp","href":"https:\/\/api.w.org\/{rel}","templated":true}]}}