{"id":4568,"date":"2025-09-09T09:09:54","date_gmt":"2025-09-09T09:09:54","guid":{"rendered":"https:\/\/fliegendesauge.com\/home\/home\/"},"modified":"2026-04-20T09:35:58","modified_gmt":"2026-04-20T09:35:58","slug":"home","status":"publish","type":"page","link":"https:\/\/fliegendesauge.com\/home\/","title":{"rendered":"Startseite"},"content":{"rendered":"\t\t<div data-elementor-type=\"wp-page\" data-elementor-id=\"4568\" class=\"elementor elementor-4568\">\n\t\t\t\t<div class=\"elementor-element elementor-element-6e85ea5 e-flex e-con-boxed e-con e-parent\" data-id=\"6e85ea5\" data-element_type=\"container\" data-e-type=\"container\" data-settings=\"{&quot;background_background&quot;:&quot;video&quot;,&quot;background_video_link&quot;:&quot;https:\\\/\\\/www.youtube.com\\\/watch?v=aZlxZux2D0g&amp;list=PLISOLEpu72u1nRutO_5HnK2NVHM0dHpPx&amp;index=25&quot;,&quot;background_video_end&quot;:33}\">\n\t\t\t\t\t<div class=\"e-con-inner\">\n\t\t<div class=\"elementor-background-video-container elementor-hidden-mobile\">\n\t\t\t\t\t\t\t<div class=\"elementor-background-video-embed\" role=\"presentation\"><\/div>\n\t\t\t\t\t\t<\/div><div class=\"elementor-element elementor-element-4a5b2a9 e-con-full e-flex e-con e-child\" data-id=\"4a5b2a9\" data-element_type=\"container\" data-e-type=\"container\">\n\t\t\t\t<div class=\"elementor-element elementor-element-efb6e41 elementor-widget elementor-widget-heading\" data-id=\"efb6e41\" data-element_type=\"widget\" data-e-type=\"widget\" data-widget_type=\"heading.default\">\n\t\t\t\t<div class=\"elementor-widget-container\">\n\t\t\t\t\t<h1 class=\"elementor-heading-title elementor-size-default\">Mehr sehen. Mehr wissen. Mehr Ertrag.<\/h1>\t\t\t\t<\/div>\n\t\t\t\t<\/div>\n\t\t\t\t<div class=\"elementor-element elementor-element-6c9d485 elementor-widget elementor-widget-text-editor\" data-id=\"6c9d485\" data-element_type=\"widget\" data-e-type=\"widget\" data-widget_type=\"text-editor.default\">\n\t\t\t\t<div class=\"elementor-widget-container\">\n\t\t\t\t\t\t\t\t\t<p data-start=\"767\" data-end=\"831\"><strong data-start=\"767\" data-end=\"829\">Wirtschaftlich pr\u00fcfen: Setzen Sie auf Drohneninspektionen<\/strong><\/p>\t\t\t\t\t\t\t\t<\/div>\n\t\t\t\t<\/div>\n\t\t\t\t<div class=\"elementor-element elementor-element-9f27443 elementor-view-stacked elementor-position-inline-start elementor-shape-circle elementor-mobile-position-block-start elementor-widget elementor-widget-icon-box\" data-id=\"9f27443\" data-element_type=\"widget\" data-e-type=\"widget\" data-widget_type=\"icon-box.default\">\n\t\t\t\t<div class=\"elementor-widget-container\">\n\t\t\t\t\t\t\t<div class=\"elementor-icon-box-wrapper\">\n\n\t\t\t\t\t\t<div class=\"elementor-icon-box-icon\">\n\t\t\t\t<span  class=\"elementor-icon\">\n\t\t\t\t<i aria-hidden=\"true\" class=\"fas fa-phone\"><\/i>\t\t\t\t<\/span>\n\t\t\t<\/div>\n\t\t\t\n\t\t\t\t\t\t<div class=\"elementor-icon-box-content\">\n\n\t\t\t\t\t\t\t\t\t<h5 class=\"elementor-icon-box-title\">\n\t\t\t\t\t\t<span  >\n\t\t\t\t\t\t\tJetzt telefonisch beraten lassen\t\t\t\t\t\t<\/span>\n\t\t\t\t\t<\/h5>\n\t\t\t\t\n\t\t\t\t\t\t\t\t\t<p class=\"elementor-icon-box-description\">\n\t\t\t\t\t\t0157\/56144608\t\t\t\t\t<\/p>\n\t\t\t\t\n\t\t\t<\/div>\n\t\t\t\n\t\t<\/div>\n\t\t\t\t\t\t<\/div>\n\t\t\t\t<\/div>\n\t\t\t\t<\/div>\n\t\t\t\t\t<\/div>\n\t\t\t\t<\/div>\n\t\t<div class=\"elementor-element elementor-element-85838af e-flex e-con-boxed e-con e-parent\" data-id=\"85838af\" data-element_type=\"container\" data-e-type=\"container\" data-settings=\"{&quot;background_background&quot;:&quot;classic&quot;}\">\n\t\t\t\t\t<div class=\"e-con-inner\">\n\t\t<div class=\"elementor-element elementor-element-1ebf9d9 e-con-full e-flex e-con e-child\" data-id=\"1ebf9d9\" data-element_type=\"container\" data-e-type=\"container\">\n\t\t\t\t<div class=\"elementor-element elementor-element-804e683 elementor-widget elementor-widget-heading\" data-id=\"804e683\" data-element_type=\"widget\" data-e-type=\"widget\" data-widget_type=\"heading.default\">\n\t\t\t\t<div class=\"elementor-widget-container\">\n\t\t\t\t\t<h2 class=\"elementor-heading-title elementor-size-default\">Leistungsbereiche<\/h2>\t\t\t\t<\/div>\n\t\t\t\t<\/div>\n\t\t<div class=\"elementor-element elementor-element-1e4f609 e-flex e-con-boxed e-con e-child\" data-id=\"1e4f609\" data-element_type=\"container\" data-e-type=\"container\">\n\t\t\t\t\t<div class=\"e-con-inner\">\n\t\t\t\t<div class=\"elementor-element elementor-element-8276bf5 elementor-widget__width-initial elementor-widget-mobile__width-inherit elementor-widget-tablet__width-initial elementor-position-top elementor-widget elementor-widget-image-box\" data-id=\"8276bf5\" data-element_type=\"widget\" data-e-type=\"widget\" data-widget_type=\"image-box.default\">\n\t\t\t\t<div class=\"elementor-widget-container\">\n\t\t\t\t\t<div class=\"elementor-image-box-wrapper\"><figure class=\"elementor-image-box-img\"><a href=\"#\" tabindex=\"-1\"><img fetchpriority=\"high\" decoding=\"async\" width=\"640\" height=\"480\" src=\"https:\/\/fliegendesauge.com\/wp-content\/uploads\/2025\/09\/Thermal-Imaging-Photo-of-a-Roof-Showing-Heat-Loss-Due-To-a-Lack-of-Insulation.jpg\" class=\"attachment-full size-full wp-image-4575\" alt=\"anafithermal 1.8.2\" title=\"Startseite\" srcset=\"https:\/\/fliegendesauge.com\/wp-content\/uploads\/2025\/09\/Thermal-Imaging-Photo-of-a-Roof-Showing-Heat-Loss-Due-To-a-Lack-of-Insulation.jpg 640w, https:\/\/fliegendesauge.com\/wp-content\/uploads\/2025\/09\/Thermal-Imaging-Photo-of-a-Roof-Showing-Heat-Loss-Due-To-a-Lack-of-Insulation-300x225.jpg 300w\" sizes=\"(max-width: 640px) 100vw, 640px\" \/><\/a><\/figure><div class=\"elementor-image-box-content\"><h4 class=\"elementor-image-box-title\"><a href=\"#\">Dach- &amp; Fassadenpr\u00fcfung<\/a><\/h4><p class=\"elementor-image-box-description\">Zustand von Eindeckung, Abdichtung, Rinnen, Anschl\u00fcssen und Fassadenfl\u00e4chen pr\u00e4zise dokumentiert.<\/p><\/div><\/div>\t\t\t\t<\/div>\n\t\t\t\t<\/div>\n\t\t\t\t<div class=\"elementor-element elementor-element-2805cd5 elementor-widget__width-initial elementor-widget-mobile__width-inherit elementor-widget-tablet__width-initial elementor-position-top elementor-widget elementor-widget-image-box\" data-id=\"2805cd5\" data-element_type=\"widget\" data-e-type=\"widget\" data-widget_type=\"image-box.default\">\n\t\t\t\t<div class=\"elementor-widget-container\">\n\t\t\t\t\t<div class=\"elementor-image-box-wrapper\"><figure class=\"elementor-image-box-img\"><a href=\"#\" tabindex=\"-1\"><img decoding=\"async\" width=\"1440\" height=\"1080\" src=\"https:\/\/fliegendesauge.com\/wp-content\/uploads\/2025\/09\/DJI_20250813121825_0004_S.jpg\" class=\"attachment-full size-full wp-image-4573\" alt=\"default\" title=\"Startseite\" srcset=\"https:\/\/fliegendesauge.com\/wp-content\/uploads\/2025\/09\/DJI_20250813121825_0004_S.jpg 1440w, https:\/\/fliegendesauge.com\/wp-content\/uploads\/2025\/09\/DJI_20250813121825_0004_S-300x225.jpg 300w, https:\/\/fliegendesauge.com\/wp-content\/uploads\/2025\/09\/DJI_20250813121825_0004_S-1024x768.jpg 1024w, https:\/\/fliegendesauge.com\/wp-content\/uploads\/2025\/09\/DJI_20250813121825_0004_S-768x576.jpg 768w\" sizes=\"(max-width: 1440px) 100vw, 1440px\" \/><\/a><\/figure><div class=\"elementor-image-box-content\"><h4 class=\"elementor-image-box-title\"><a href=\"#\">PV-Thermografie<\/a><\/h4><p class=\"elementor-image-box-description\">Ber\u00fchrungsfrei in kurzer Zeit: Hotspots, Stringfehler, Verschattung und Defekte zuverl\u00e4ssig erkennen.<\/p><\/div><\/div>\t\t\t\t<\/div>\n\t\t\t\t<\/div>\n\t\t\t\t<div class=\"elementor-element elementor-element-178c489 elementor-widget__width-initial elementor-widget-mobile__width-inherit elementor-widget-tablet__width-initial elementor-position-top elementor-widget elementor-widget-image-box\" data-id=\"178c489\" data-element_type=\"widget\" data-e-type=\"widget\" data-widget_type=\"image-box.default\">\n\t\t\t\t<div class=\"elementor-widget-container\">\n\t\t\t\t\t<div class=\"elementor-image-box-wrapper\"><figure class=\"elementor-image-box-img\"><a href=\"#\" tabindex=\"-1\"><img decoding=\"async\" width=\"1440\" height=\"1080\" src=\"https:\/\/fliegendesauge.com\/wp-content\/uploads\/2025\/09\/DJI_20250811143545_0009_S.jpg\" class=\"attachment-full size-full wp-image-4578\" alt=\"default\" title=\"Startseite\" srcset=\"https:\/\/fliegendesauge.com\/wp-content\/uploads\/2025\/09\/DJI_20250811143545_0009_S.jpg 1440w, https:\/\/fliegendesauge.com\/wp-content\/uploads\/2025\/09\/DJI_20250811143545_0009_S-300x225.jpg 300w, https:\/\/fliegendesauge.com\/wp-content\/uploads\/2025\/09\/DJI_20250811143545_0009_S-1024x768.jpg 1024w, https:\/\/fliegendesauge.com\/wp-content\/uploads\/2025\/09\/DJI_20250811143545_0009_S-768x576.jpg 768w\" sizes=\"(max-width: 1440px) 100vw, 1440px\" \/><\/a><\/figure><div class=\"elementor-image-box-content\"><h4 class=\"elementor-image-box-title\"><a href=\"#\">Agrar-Anwendungen<\/a><\/h4><p class=\"elementor-image-box-description\">Thermal- und Multispektralaufnahmen machen Stresszonen, Bew\u00e4sserungsprobleme und Auff\u00e4lligkeiten im Bestand fr\u00fch sichtbar.<\/p><\/div><\/div>\t\t\t\t<\/div>\n\t\t\t\t<\/div>\n\t\t\t\t<div class=\"elementor-element elementor-element-d9d9f4e elementor-widget__width-initial elementor-widget-mobile__width-inherit elementor-widget-tablet__width-initial elementor-position-top elementor-widget elementor-widget-image-box\" data-id=\"d9d9f4e\" data-element_type=\"widget\" data-e-type=\"widget\" data-widget_type=\"image-box.default\">\n\t\t\t\t<div class=\"elementor-widget-container\">\n\t\t\t\t\t<div class=\"elementor-image-box-wrapper\"><figure class=\"elementor-image-box-img\"><a href=\"#\" tabindex=\"-1\"><img loading=\"lazy\" decoding=\"async\" width=\"2560\" height=\"1920\" src=\"https:\/\/fliegendesauge.com\/wp-content\/uploads\/2025\/09\/DJI_20250904163307_0010_V-scaled.jpg\" class=\"attachment-full size-full wp-image-4579\" alt=\"default\" title=\"Startseite\" srcset=\"https:\/\/fliegendesauge.com\/wp-content\/uploads\/2025\/09\/DJI_20250904163307_0010_V-scaled.jpg 2560w, https:\/\/fliegendesauge.com\/wp-content\/uploads\/2025\/09\/DJI_20250904163307_0010_V-300x225.jpg 300w, https:\/\/fliegendesauge.com\/wp-content\/uploads\/2025\/09\/DJI_20250904163307_0010_V-1024x768.jpg 1024w, https:\/\/fliegendesauge.com\/wp-content\/uploads\/2025\/09\/DJI_20250904163307_0010_V-768x576.jpg 768w, https:\/\/fliegendesauge.com\/wp-content\/uploads\/2025\/09\/DJI_20250904163307_0010_V-1536x1152.jpg 1536w, https:\/\/fliegendesauge.com\/wp-content\/uploads\/2025\/09\/DJI_20250904163307_0010_V-2048x1536.jpg 2048w\" sizes=\"(max-width: 2560px) 100vw, 2560px\" \/><\/a><\/figure><div class=\"elementor-image-box-content\"><h4 class=\"elementor-image-box-title\"><a href=\"#\">Drohneninspektionen <\/a><\/h4><p class=\"elementor-image-box-description\">Sichere, schnelle Sicht- und Detailpr\u00fcfungen aus der Luft \u2013 ohne Hebeb\u00fchne oder Industriekletterer.<\/p><\/div><\/div>\t\t\t\t<\/div>\n\t\t\t\t<\/div>\n\t\t\t\t\t<\/div>\n\t\t\t\t<\/div>\n\t\t<div class=\"elementor-element elementor-element-9c764fa e-flex e-con-boxed e-con e-child\" data-id=\"9c764fa\" data-element_type=\"container\" data-e-type=\"container\">\n\t\t\t\t\t<div class=\"e-con-inner\">\n\t\t\t\t\t<\/div>\n\t\t\t\t<\/div>\n\t\t\t\t<\/div>\n\t\t\t\t\t<\/div>\n\t\t\t\t<\/div>\n\t\t<div class=\"elementor-element elementor-element-88d7bd0 e-flex e-con-boxed e-con e-parent\" data-id=\"88d7bd0\" data-element_type=\"container\" data-e-type=\"container\" data-settings=\"{&quot;background_background&quot;:&quot;classic&quot;}\">\n\t\t\t\t\t<div class=\"e-con-inner\">\n\t\t<div class=\"elementor-element elementor-element-5bc875f e-con-full e-flex e-con e-child\" data-id=\"5bc875f\" data-element_type=\"container\" data-e-type=\"container\">\n\t\t\t\t<div class=\"elementor-element elementor-element-049525a elementor-widget elementor-widget-heading\" data-id=\"049525a\" data-element_type=\"widget\" data-e-type=\"widget\" data-widget_type=\"heading.default\">\n\t\t\t\t<div class=\"elementor-widget-container\">\n\t\t\t\t\t<h6 class=\"elementor-heading-title elementor-size-default\">Mit meiner Drohne sparen Sie Zeit, Geld und Risiko<\/h6>\t\t\t\t<\/div>\n\t\t\t\t<\/div>\n\t\t\t\t<div class=\"elementor-element elementor-element-783c0c4 elementor-widget elementor-widget-heading\" data-id=\"783c0c4\" data-element_type=\"widget\" data-e-type=\"widget\" data-widget_type=\"heading.default\">\n\t\t\t\t<div class=\"elementor-widget-container\">\n\t\t\t\t\t<h2 class=\"elementor-heading-title elementor-size-default\">Mein entscheidender Vorteil<\/h2>\t\t\t\t<\/div>\n\t\t\t\t<\/div>\n\t\t<div class=\"elementor-element elementor-element-bc714b8 e-con-full e-flex e-con e-child\" data-id=\"bc714b8\" data-element_type=\"container\" data-e-type=\"container\">\n\t\t<div class=\"elementor-element elementor-element-8a6f929 e-con-full e-flex e-con e-child\" data-id=\"8a6f929\" data-element_type=\"container\" data-e-type=\"container\">\n\t\t\t\t<div class=\"elementor-element elementor-element-095f8ba elementor-widget__width-initial elementor-widget-mobile__width-inherit elementor-view-default elementor-position-block-start elementor-mobile-position-block-start elementor-widget elementor-widget-icon-box\" data-id=\"095f8ba\" data-element_type=\"widget\" data-e-type=\"widget\" data-widget_type=\"icon-box.default\">\n\t\t\t\t<div class=\"elementor-widget-container\">\n\t\t\t\t\t\t\t<div class=\"elementor-icon-box-wrapper\">\n\n\t\t\t\t\t\t<div class=\"elementor-icon-box-icon\">\n\t\t\t\t<span  class=\"elementor-icon\">\n\t\t\t\t<i aria-hidden=\"true\" class=\"fas fa-comments\"><\/i>\t\t\t\t<\/span>\n\t\t\t<\/div>\n\t\t\t\n\t\t\t\t\t\t<div class=\"elementor-icon-box-content\">\n\n\t\t\t\t\t\t\t\t\t<h4 class=\"elementor-icon-box-title\">\n\t\t\t\t\t\t<span  >\n\t\t\t\t\t\t\tSchnelle Kommunikation\t\t\t\t\t\t<\/span>\n\t\t\t\t\t<\/h4>\n\t\t\t\t\n\t\t\t\t\t\t\t\t\t<p class=\"elementor-icon-box-description\">\n\t\t\t\t\t\tOb Anfrage, R\u00fcckfrage oder Abstimmung \u2013 ich antworte schnell und halte den Kommunikationsweg so einfach wie m\u00f6glich\t\t\t\t\t<\/p>\n\t\t\t\t\n\t\t\t<\/div>\n\t\t\t\n\t\t<\/div>\n\t\t\t\t\t\t<\/div>\n\t\t\t\t<\/div>\n\t\t\t\t<div class=\"elementor-element elementor-element-d65f5d6 elementor-widget__width-initial elementor-widget-mobile__width-inherit elementor-view-default elementor-position-block-start elementor-mobile-position-block-start elementor-widget elementor-widget-icon-box\" data-id=\"d65f5d6\" data-element_type=\"widget\" data-e-type=\"widget\" data-widget_type=\"icon-box.default\">\n\t\t\t\t<div class=\"elementor-widget-container\">\n\t\t\t\t\t\t\t<div class=\"elementor-icon-box-wrapper\">\n\n\t\t\t\t\t\t<div class=\"elementor-icon-box-icon\">\n\t\t\t\t<span  class=\"elementor-icon\">\n\t\t\t\t<i aria-hidden=\"true\" class=\"fas fa-user-tie\"><\/i>\t\t\t\t<\/span>\n\t\t\t<\/div>\n\t\t\t\n\t\t\t\t\t\t<div class=\"elementor-icon-box-content\">\n\n\t\t\t\t\t\t\t\t\t<h4 class=\"elementor-icon-box-title\">\n\t\t\t\t\t\t<span  >\n\t\t\t\t\t\t\tErfahrung &amp; Zertifizierung\t\t\t\t\t\t<\/span>\n\t\t\t\t\t<\/h4>\n\t\t\t\t\n\t\t\t\t\t\t\t\t\t<p class=\"elementor-icon-box-description\">\n\t\t\t\t\t\tA1\/A2\/A3-zertifiziert, mit \u00fcber 20 Jahren Erfahrung im industriellen Umfeld \u2013 f\u00fcr sichere, pr\u00e4zise und wirtschaftliche Inspektionen.\t\t\t\t\t<\/p>\n\t\t\t\t\n\t\t\t<\/div>\n\t\t\t\n\t\t<\/div>\n\t\t\t\t\t\t<\/div>\n\t\t\t\t<\/div>\n\t\t\t\t<div class=\"elementor-element elementor-element-530e66c elementor-widget__width-initial elementor-widget-mobile__width-inherit elementor-view-default elementor-position-block-start elementor-mobile-position-block-start elementor-widget elementor-widget-icon-box\" data-id=\"530e66c\" data-element_type=\"widget\" data-e-type=\"widget\" data-widget_type=\"icon-box.default\">\n\t\t\t\t<div class=\"elementor-widget-container\">\n\t\t\t\t\t\t\t<div class=\"elementor-icon-box-wrapper\">\n\n\t\t\t\t\t\t<div class=\"elementor-icon-box-icon\">\n\t\t\t\t<span  class=\"elementor-icon\">\n\t\t\t\t<i aria-hidden=\"true\" class=\"fas fa-cogs\"><\/i>\t\t\t\t<\/span>\n\t\t\t<\/div>\n\t\t\t\n\t\t\t\t\t\t<div class=\"elementor-icon-box-content\">\n\n\t\t\t\t\t\t\t\t\t<h4 class=\"elementor-icon-box-title\">\n\t\t\t\t\t\t<span  >\n\t\t\t\t\t\t\tModerne Ausstattung\t\t\t\t\t\t<\/span>\n\t\t\t\t\t<\/h4>\n\t\t\t\t\n\t\t\t\t\t\t\t\t\t<p class=\"elementor-icon-box-description\">\n\t\t\t\t\t\tMit moderner Drohnentechnik, Thermografie, Multispektralsensorik und KI-gest\u00fctzter Auswertung lassen sich Auff\u00e4lligkeiten schnell und pr\u00e4zise erfassen.\t\t\t\t\t<\/p>\n\t\t\t\t\n\t\t\t<\/div>\n\t\t\t\n\t\t<\/div>\n\t\t\t\t\t\t<\/div>\n\t\t\t\t<\/div>\n\t\t\t\t<\/div>\n\t\t\t\t<\/div>\n\t\t\t\t<\/div>\n\t\t\t\t\t<\/div>\n\t\t\t\t<\/div>\n\t\t<div class=\"elementor-element elementor-element-9d6a593 e-flex e-con-boxed e-con e-parent\" data-id=\"9d6a593\" data-element_type=\"container\" data-e-type=\"container\" data-settings=\"{&quot;background_background&quot;:&quot;classic&quot;}\">\n\t\t\t\t\t<div class=\"e-con-inner\">\n\t\t<div class=\"elementor-element elementor-element-afee8eb e-con-full e-flex e-con e-child\" data-id=\"afee8eb\" data-element_type=\"container\" data-e-type=\"container\">\n\t\t\t\t<div class=\"elementor-element elementor-element-0ae1767 elementor-widget elementor-widget-heading\" data-id=\"0ae1767\" data-element_type=\"widget\" data-e-type=\"widget\" data-widget_type=\"heading.default\">\n\t\t\t\t<div class=\"elementor-widget-container\">\n\t\t\t\t\t<h2 class=\"elementor-heading-title elementor-size-default\">Information anfordern<\/h2>\t\t\t\t<\/div>\n\t\t\t\t<\/div>\n\t\t\t\t<div class=\"elementor-element elementor-element-1f1bd83 elementor-widget elementor-widget-text-editor\" data-id=\"1f1bd83\" data-element_type=\"widget\" data-e-type=\"widget\" data-widget_type=\"text-editor.default\">\n\t\t\t\t<div class=\"elementor-widget-container\">\n\t\t\t\t\t\t\t\t\t<p data-start=\"163\" data-end=\"629\">Sie m\u00f6chten mehr \u00fcber meine Drohnen-Dienstleistungen erfahren oder haben bereits ein konkretes Projekt im Blick? Ganz gleich, ob es um eine Inspektion in der Industrie, eine \u00dcberpr\u00fcfung an Geb\u00e4uden, die Unterst\u00fctzung bei einem Notfall oder um Aufnahmen f\u00fcr den privaten Bereich geht \u2013 ich nehme mir Zeit f\u00fcr Ihr Anliegen. Teilen Sie mir einfach die wichtigsten Eckdaten mit, und ich erstelle Ihnen ein individuelles, auf Ihre Anforderungen zugeschnittenes Angebot.<\/p><p data-start=\"631\" data-end=\"918\">Dabei lege ich besonderen Wert auf <strong data-start=\"666\" data-end=\"692\">schnelle Kommunikation<\/strong> und <strong data-start=\"697\" data-end=\"721\">transparente Abl\u00e4ufe<\/strong>, damit Sie ohne Umwege zu den Informationen kommen, die Sie brauchen. Auf Wunsch berate ich Sie pers\u00f6nlich und zeige Ihnen, wie meine Drohnentechnik auch f\u00fcr Ihr Projekt echten Mehrwert schafft.<\/p><p data-start=\"920\" data-end=\"1008\">Z\u00f6gern Sie nicht, Ihre Anfrage zu senden \u2013 ich freue mich darauf, Sie zu unterst\u00fctzen.<\/p>\t\t\t\t\t\t\t\t<\/div>\n\t\t\t\t<\/div>\n\t\t\t\t<\/div>\n\t\t<div class=\"elementor-element elementor-element-ecd0507 e-con-full e-flex e-con e-child\" data-id=\"ecd0507\" data-element_type=\"container\" data-e-type=\"container\" data-settings=\"{&quot;background_background&quot;:&quot;classic&quot;}\">\n\t\t\t\t<div class=\"elementor-element elementor-element-0919229 elementor-widget elementor-widget-wpforms\" data-id=\"0919229\" data-element_type=\"widget\" data-e-type=\"widget\" data-widget_type=\"wpforms.default\">\n\t\t\t\t<div class=\"elementor-widget-container\">\n\t\t\t\t\t<div class=\"wpforms-container \" id=\"wpforms-4559\"><form id=\"wpforms-form-4559\" class=\"wpforms-validate wpforms-form\" data-formid=\"4559\" method=\"post\" enctype=\"multipart\/form-data\" action=\"\/home\/wp-json\/wp\/v2\/pages\/4568\" data-token=\"c816f63c7e6402ff29ddb0d7861029f8\" data-token-time=\"1777515536\"><noscript class=\"wpforms-error-noscript\">Bitte aktiviere JavaScript in deinem Browser, um dieses Formular fertigzustellen.<\/noscript><div class=\"wpforms-field-container\"><div id=\"wpforms-4559-field_0-container\" class=\"wpforms-field wpforms-field-name\" data-field-id=\"0\"><label class=\"wpforms-field-label\" for=\"wpforms-4559-field_0\">Name <span class=\"wpforms-required-label\">*<\/span><\/label><input type=\"text\" id=\"wpforms-4559-field_0\" class=\"wpforms-field-large wpforms-field-required\" name=\"wpforms[fields][0]\" required><\/div><div id=\"wpforms-4559-field_1-container\" class=\"wpforms-field wpforms-field-email\" data-field-id=\"1\"><label class=\"wpforms-field-label\" for=\"wpforms-4559-field_1\">Email <span class=\"wpforms-required-label\">*<\/span><\/label><input type=\"email\" id=\"wpforms-4559-field_1\" class=\"wpforms-field-large wpforms-field-required\" name=\"wpforms[fields][1]\" spellcheck=\"false\" required><\/div><div id=\"wpforms-4559-field_2-container\" class=\"wpforms-field wpforms-field-textarea\" data-field-id=\"2\"><label class=\"wpforms-field-label\" for=\"wpforms-4559-field_2\">Nachricht <span class=\"wpforms-required-label\">*<\/span><\/label><textarea id=\"wpforms-4559-field_2\" class=\"wpforms-field-small wpforms-field-required\" name=\"wpforms[fields][2]\" required><\/textarea><\/div><\/div><!-- .wpforms-field-container --><div class=\"wpforms-submit-container\" ><input type=\"hidden\" name=\"wpforms[id]\" value=\"4559\"><input type=\"hidden\" name=\"page_title\" value=\"\"><input type=\"hidden\" name=\"page_url\" value=\"https:\/\/fliegendesauge.com\/home\/wp-json\/wp\/v2\/pages\/4568\"><input type=\"hidden\" name=\"url_referer\" value=\"\"><button type=\"submit\" name=\"wpforms[submit]\" id=\"wpforms-submit-4559\" class=\"wpforms-submit\" data-alt-text=\"Sending...\" data-submit-text=\"Anfrage\" aria-live=\"assertive\" value=\"wpforms-submit\">Anfrage<\/button><\/div><\/form><\/div>  <!-- .wpforms-container -->\t\t\t\t<\/div>\n\t\t\t\t<\/div>\n\t\t\t\t<\/div>\n\t\t\t\t\t<\/div>\n\t\t\t\t<\/div>\n\t\t\t\t<\/div>\n\t\t","protected":false},"excerpt":{"rendered":"<p>Mehr sehen. Mehr wissen. Mehr Ertrag. Wirtschaftlich pr\u00fcfen: Setzen Sie auf Drohneninspektionen Jetzt telefonisch beraten lassen 0157\/56144608 Leistungsbereiche Dach- &amp; Fassadenpr\u00fcfung Zustand von Eindeckung, Abdichtung, Rinnen, Anschl\u00fcssen und Fassadenfl\u00e4chen pr\u00e4zise dokumentiert. PV-Thermografie Ber\u00fchrungsfrei in kurzer Zeit: Hotspots, Stringfehler, Verschattung und Defekte zuverl\u00e4ssig erkennen. Agrar-Anwendungen Thermal- und Multispektralaufnahmen machen Stresszonen, Bew\u00e4sserungsprobleme und Auff\u00e4lligkeiten im Bestand fr\u00fch [&hellip;]<\/p>\n","protected":false},"author":1,"featured_media":0,"parent":0,"menu_order":0,"comment_status":"closed","ping_status":"closed","template":"","meta":{"site-sidebar-layout":"no-sidebar","site-content-layout":"page-builder","ast-site-content-layout":"default","site-content-style":"default","site-sidebar-style":"default","ast-global-header-display":"","ast-banner-title-visibility":"","ast-main-header-display":"","ast-hfb-above-header-display":"","ast-hfb-below-header-display":"","ast-hfb-mobile-header-display":"","site-post-title":"disabled","ast-breadcrumbs-content":"disabled","ast-featured-img":"disabled","footer-sml-layout":"","ast-disable-related-posts":"","theme-transparent-header-meta":"enabled","adv-header-id-meta":"","stick-header-meta":"","header-above-stick-meta":"","header-main-stick-meta":"","header-below-stick-meta":"","astra-migrate-meta-layouts":"default","ast-page-background-enabled":"default","ast-page-background-meta":{"desktop":{"background-color":"","background-image":"","background-repeat":"repeat","background-position":"center center","background-size":"auto","background-attachment":"scroll","background-type":"","background-media":"","overlay-type":"","overlay-color":"","overlay-opacity":"","overlay-gradient":""},"tablet":{"background-color":"","background-image":"","background-repeat":"repeat","background-position":"center center","background-size":"auto","background-attachment":"scroll","background-type":"","background-media":"","overlay-type":"","overlay-color":"","overlay-opacity":"","overlay-gradient":""},"mobile":{"background-color":"","background-image":"","background-repeat":"repeat","background-position":"center center","background-size":"auto","background-attachment":"scroll","background-type":"","background-media":"","overlay-type":"","overlay-color":"","overlay-opacity":"","overlay-gradient":""}},"ast-content-background-meta":{"desktop":{"background-color":"var(--ast-global-color-5)","background-image":"","background-repeat":"repeat","background-position":"center center","background-size":"auto","background-attachment":"scroll","background-type":"","background-media":"","overlay-type":"","overlay-color":"","overlay-opacity":"","overlay-gradient":""},"tablet":{"background-color":"var(--ast-global-color-5)","background-image":"","background-repeat":"repeat","background-position":"center center","background-size":"auto","background-attachment":"scroll","background-type":"","background-media":"","overlay-type":"","overlay-color":"","overlay-opacity":"","overlay-gradient":""},"mobile":{"background-color":"var(--ast-global-color-5)","background-image":"","background-repeat":"repeat","background-position":"center center","background-size":"auto","background-attachment":"scroll","background-type":"","background-media":"","overlay-type":"","overlay-color":"","overlay-opacity":"","overlay-gradient":""}},"footnotes":""},"class_list":["post-4568","page","type-page","status-publish","hentry"],"rttpg_featured_image_url":null,"rttpg_author":{"display_name":"fliegendesauge@protonmail.com","author_link":"https:\/\/fliegendesauge.com\/home\/author\/fliegendesaugeprotonmail-com\/"},"rttpg_comment":0,"rttpg_category":null,"rttpg_excerpt":"Mehr sehen. Mehr wissen. Mehr Ertrag. Wirtschaftlich pr\u00fcfen: Setzen Sie auf Drohneninspektionen Jetzt telefonisch beraten lassen 0157\/56144608 Leistungsbereiche Dach- &amp; Fassadenpr\u00fcfung Zustand von Eindeckung, Abdichtung, Rinnen, Anschl\u00fcssen und Fassadenfl\u00e4chen pr\u00e4zise dokumentiert. PV-Thermografie Ber\u00fchrungsfrei in kurzer Zeit: Hotspots, Stringfehler, Verschattung und Defekte zuverl\u00e4ssig erkennen. Agrar-Anwendungen Thermal- und Multispektralaufnahmen machen Stresszonen, Bew\u00e4sserungsprobleme und Auff\u00e4lligkeiten im Bestand fr\u00fch&hellip;","_links":{"self":[{"href":"https:\/\/fliegendesauge.com\/home\/wp-json\/wp\/v2\/pages\/4568","targetHints":{"allow":["GET"]}}],"collection":[{"href":"https:\/\/fliegendesauge.com\/home\/wp-json\/wp\/v2\/pages"}],"about":[{"href":"https:\/\/fliegendesauge.com\/home\/wp-json\/wp\/v2\/types\/page"}],"author":[{"embeddable":true,"href":"https:\/\/fliegendesauge.com\/home\/wp-json\/wp\/v2\/users\/1"}],"replies":[{"embeddable":true,"href":"https:\/\/fliegendesauge.com\/home\/wp-json\/wp\/v2\/comments?post=4568"}],"version-history":[{"count":51,"href":"https:\/\/fliegendesauge.com\/home\/wp-json\/wp\/v2\/pages\/4568\/revisions"}],"predecessor-version":[{"id":4911,"href":"https:\/\/fliegendesauge.com\/home\/wp-json\/wp\/v2\/pages\/4568\/revisions\/4911"}],"wp:attachment":[{"href":"https:\/\/fliegendesauge.com\/home\/wp-json\/wp\/v2\/media?parent=4568"}],"curies":[{"name":"wp","href":"https:\/\/api.w.org\/{rel}","templated":true}]}}